{"id":20178,"date":"2025-09-20T14:41:21","date_gmt":"2025-09-20T11:41:21","guid":{"rendered":"https:\/\/mutfakdolabi.com\/urun\/akrilik-acik-cappucino-rengi\/"},"modified":"2026-02-22T11:54:00","modified_gmt":"2026-02-22T08:54:00","slug":"%d8%a3%d9%83%d8%b1%d9%8a%d9%84%d9%8a%d9%83%d8%8c-%d9%84%d9%88%d9%86-%d9%83%d8%a7%d8%a8%d8%aa%d8%b4%d9%8a%d9%86%d9%88-%d9%81%d8%a7%d8%aa%d8%ad","status":"publish","type":"product","link":"https:\/\/mutfakdolabi.com\/ar\/urun\/%d8%a3%d9%83%d8%b1%d9%8a%d9%84%d9%8a%d9%83%d8%8c-%d9%84%d9%88%d9%86-%d9%83%d8%a7%d8%a8%d8%aa%d8%b4%d9%8a%d9%86%d9%88-%d9%81%d8%a7%d8%aa%d8%ad\/","title":{"rendered":"\u0623\u0643\u0631\u064a\u0644\u064a\u0643\u060c \u0644\u0648\u0646 \u0643\u0627\u0628\u062a\u0634\u064a\u0646\u0648 \u0641\u0627\u062a\u062d"},"content":{"rendered":"","protected":false},"excerpt":{"rendered":"","protected":false},"featured_media":20179,"comment_status":"closed","ping_status":"closed","template":"","meta":{"inline_featured_image":false},"product_cat":[320],"product_tag":[744],"class_list":{"0":"post-20178","1":"product","2":"type-product","3":"status-publish","4":"has-post-thumbnail","6":"product_cat-320","7":"product_tag-akrilik-acik-cappucino-rengi","9":"first","10":"instock","11":"shipping-taxable","12":"product-type-simple"},"yoast_head":"<!-- This site is optimized with the Yoast SEO Premium plugin v26.6 (Yoast SEO v27.4) - https:\/\/yoast.com\/product\/yoast-seo-premium-wordpress\/ -->\n<title>\u0623\u0643\u0631\u064a\u0644\u064a\u0643\u060c \u0644\u0648\u0646 \u0643\u0627\u0628\u062a\u0634\u064a\u0646\u0648 \u0641\u0627\u062a\u062d -<\/title>\n<meta name=\"description\" content=\"\u0623\u0643\u0631\u064a\u0644\u064a\u0643\u060c \u0644\u0648\u0646 \u0643\u0627\u0628\u062a\u0634\u064a\u0646\u0648 \u0641\u0627\u062a\u062d\" \/>\n<meta name=\"robots\" content=\"index, follow, max-snippet:-1, max-image-preview:large, max-video-preview:-1\" \/>\n<link rel=\"canonical\" href=\"https:\/\/mutfakdolabi.com\/ar\/urun\/%d8%a3%d9%83%d8%b1%d9%8a%d9%84%d9%8a%d9%83%d8%8c-%d9%84%d9%88%d9%86-%d9%83%d8%a7%d8%a8%d8%aa%d8%b4%d9%8a%d9%86%d9%88-%d9%81%d8%a7%d8%aa%d8%ad\/\" \/>\n<meta property=\"og:locale\" content=\"ar_AR\" \/>\n<meta property=\"og:type\" content=\"article\" \/>\n<meta property=\"og:title\" content=\"\u0623\u0643\u0631\u064a\u0644\u064a\u0643\u060c \u0644\u0648\u0646 \u0643\u0627\u0628\u062a\u0634\u064a\u0646\u0648 \u0641\u0627\u062a\u062d\" \/>\n<meta property=\"og:description\" content=\"\u0623\u0643\u0631\u064a\u0644\u064a\u0643\u060c \u0644\u0648\u0646 \u0643\u0627\u0628\u062a\u0634\u064a\u0646\u0648 \u0641\u0627\u062a\u062d\" \/>\n<meta property=\"og:url\" content=\"https:\/\/mutfakdolabi.com\/ar\/urun\/%d8%a3%d9%83%d8%b1%d9%8a%d9%84%d9%8a%d9%83%d8%8c-%d9%84%d9%88%d9%86-%d9%83%d8%a7%d8%a8%d8%aa%d8%b4%d9%8a%d9%86%d9%88-%d9%81%d8%a7%d8%aa%d8%ad\/\" \/>\n<meta property=\"og:site_name\" content=\"Mutfak Dolab\u0131 Modelleri ve Fiyatlar\u0131\" \/>\n<meta property=\"article:modified_time\" content=\"2026-02-22T08:54:00+00:00\" \/>\n<meta property=\"og:image\" content=\"https:\/\/mutfakdolabi.com\/wp-content\/uploads\/2025\/09\/akrilik-acik-cappucino-rengi.webp\" \/>\n\t<meta property=\"og:image:width\" content=\"450\" \/>\n\t<meta property=\"og:image:height\" content=\"450\" \/>\n\t<meta property=\"og:image:type\" content=\"image\/webp\" \/>\n<meta name=\"twitter:card\" content=\"summary_large_image\" \/>\n<meta name=\"twitter:label1\" content=\"\u0648\u0642\u062a \u0627\u0644\u0642\u0631\u0627\u0621\u0629 \u0627\u0644\u0645\u064f\u0642\u062f\u0651\u0631\" \/>\n\t<meta name=\"twitter:data1\" content=\"1 \u062f\u0642\u064a\u0642\u0629\" \/>\n<script type=\"application\/ld+json\" class=\"yoast-schema-graph\">{\"@context\":\"https:\\\/\\\/schema.org\",\"@graph\":[{\"@type\":\"WebPage\",\"@id\":\"https:\\\/\\\/mutfakdolabi.com\\\/ar\\\/urun\\\/%d8%a3%d9%83%d8%b1%d9%8a%d9%84%d9%8a%d9%83%d8%8c-%d9%84%d9%88%d9%86-%d9%83%d8%a7%d8%a8%d8%aa%d8%b4%d9%8a%d9%86%d9%88-%d9%81%d8%a7%d8%aa%d8%ad\\\/\",\"url\":\"https:\\\/\\\/mutfakdolabi.com\\\/ar\\\/urun\\\/%d8%a3%d9%83%d8%b1%d9%8a%d9%84%d9%8a%d9%83%d8%8c-%d9%84%d9%88%d9%86-%d9%83%d8%a7%d8%a8%d8%aa%d8%b4%d9%8a%d9%86%d9%88-%d9%81%d8%a7%d8%aa%d8%ad\\\/\",\"name\":\"\u0623\u0643\u0631\u064a\u0644\u064a\u0643\u060c \u0644\u0648\u0646 \u0643\u0627\u0628\u062a\u0634\u064a\u0646\u0648 \u0641\u0627\u062a\u062d -\",\"isPartOf\":{\"@id\":\"https:\\\/\\\/mutfakdolabi.com\\\/ar\\\/#website\"},\"primaryImageOfPage\":{\"@id\":\"https:\\\/\\\/mutfakdolabi.com\\\/ar\\\/urun\\\/%d8%a3%d9%83%d8%b1%d9%8a%d9%84%d9%8a%d9%83%d8%8c-%d9%84%d9%88%d9%86-%d9%83%d8%a7%d8%a8%d8%aa%d8%b4%d9%8a%d9%86%d9%88-%d9%81%d8%a7%d8%aa%d8%ad\\\/#primaryimage\"},\"image\":{\"@id\":\"https:\\\/\\\/mutfakdolabi.com\\\/ar\\\/urun\\\/%d8%a3%d9%83%d8%b1%d9%8a%d9%84%d9%8a%d9%83%d8%8c-%d9%84%d9%88%d9%86-%d9%83%d8%a7%d8%a8%d8%aa%d8%b4%d9%8a%d9%86%d9%88-%d9%81%d8%a7%d8%aa%d8%ad\\\/#primaryimage\"},\"thumbnailUrl\":\"https:\\\/\\\/mutfakdolabi.com\\\/wp-content\\\/uploads\\\/2025\\\/09\\\/akrilik-acik-cappucino-rengi.webp\",\"datePublished\":\"2025-09-20T11:41:21+00:00\",\"dateModified\":\"2026-02-22T08:54:00+00:00\",\"description\":\"\u0623\u0643\u0631\u064a\u0644\u064a\u0643\u060c \u0644\u0648\u0646 \u0643\u0627\u0628\u062a\u0634\u064a\u0646\u0648 \u0641\u0627\u062a\u062d\",\"breadcrumb\":{\"@id\":\"https:\\\/\\\/mutfakdolabi.com\\\/ar\\\/urun\\\/%d8%a3%d9%83%d8%b1%d9%8a%d9%84%d9%8a%d9%83%d8%8c-%d9%84%d9%88%d9%86-%d9%83%d8%a7%d8%a8%d8%aa%d8%b4%d9%8a%d9%86%d9%88-%d9%81%d8%a7%d8%aa%d8%ad\\\/#breadcrumb\"},\"inLanguage\":\"ar\",\"potentialAction\":[{\"@type\":\"ReadAction\",\"target\":[\"https:\\\/\\\/mutfakdolabi.com\\\/ar\\\/urun\\\/%d8%a3%d9%83%d8%b1%d9%8a%d9%84%d9%8a%d9%83%d8%8c-%d9%84%d9%88%d9%86-%d9%83%d8%a7%d8%a8%d8%aa%d8%b4%d9%8a%d9%86%d9%88-%d9%81%d8%a7%d8%aa%d8%ad\\\/\"]}]},{\"@type\":\"ImageObject\",\"inLanguage\":\"ar\",\"@id\":\"https:\\\/\\\/mutfakdolabi.com\\\/ar\\\/urun\\\/%d8%a3%d9%83%d8%b1%d9%8a%d9%84%d9%8a%d9%83%d8%8c-%d9%84%d9%88%d9%86-%d9%83%d8%a7%d8%a8%d8%aa%d8%b4%d9%8a%d9%86%d9%88-%d9%81%d8%a7%d8%aa%d8%ad\\\/#primaryimage\",\"url\":\"https:\\\/\\\/mutfakdolabi.com\\\/wp-content\\\/uploads\\\/2025\\\/09\\\/akrilik-acik-cappucino-rengi.webp\",\"contentUrl\":\"https:\\\/\\\/mutfakdolabi.com\\\/wp-content\\\/uploads\\\/2025\\\/09\\\/akrilik-acik-cappucino-rengi.webp\",\"width\":450,\"height\":450,\"caption\":\"akrilik capu\u00e7ino rengi\"},{\"@type\":\"BreadcrumbList\",\"@id\":\"https:\\\/\\\/mutfakdolabi.com\\\/ar\\\/urun\\\/%d8%a3%d9%83%d8%b1%d9%8a%d9%84%d9%8a%d9%83%d8%8c-%d9%84%d9%88%d9%86-%d9%83%d8%a7%d8%a8%d8%aa%d8%b4%d9%8a%d9%86%d9%88-%d9%81%d8%a7%d8%aa%d8%ad\\\/#breadcrumb\",\"itemListElement\":[{\"@type\":\"ListItem\",\"position\":1,\"name\":\"Home\",\"item\":\"https:\\\/\\\/mutfakdolabi.com\\\/ar\\\/\"},{\"@type\":\"ListItem\",\"position\":2,\"name\":\"Ma\u011faza\",\"item\":\"https:\\\/\\\/mutfakdolabi.com\\\/magaza\\\/\"},{\"@type\":\"ListItem\",\"position\":3,\"name\":\"\u0623\u0643\u0631\u064a\u0644\u064a\u0643\u060c \u0644\u0648\u0646 \u0643\u0627\u0628\u062a\u0634\u064a\u0646\u0648 \u0641\u0627\u062a\u062d\"}]},{\"@type\":\"WebSite\",\"@id\":\"https:\\\/\\\/mutfakdolabi.com\\\/ar\\\/#website\",\"url\":\"https:\\\/\\\/mutfakdolabi.com\\\/ar\\\/\",\"name\":\"Mutfak Dolab\u0131 Modelleri ve Fiyatlar\u0131\",\"description\":\"Mutfak dolaplar\u0131 modelleri\",\"publisher\":{\"@id\":\"https:\\\/\\\/mutfakdolabi.com\\\/ar\\\/#organization\"},\"potentialAction\":[{\"@type\":\"SearchAction\",\"target\":{\"@type\":\"EntryPoint\",\"urlTemplate\":\"https:\\\/\\\/mutfakdolabi.com\\\/ar\\\/?s={search_term_string}\"},\"query-input\":{\"@type\":\"PropertyValueSpecification\",\"valueRequired\":true,\"valueName\":\"search_term_string\"}}],\"inLanguage\":\"ar\"},{\"@type\":\"Organization\",\"@id\":\"https:\\\/\\\/mutfakdolabi.com\\\/ar\\\/#organization\",\"name\":\"Mutfak Dolab\u0131 Modelleri ve Fiyatlar\u0131\",\"url\":\"https:\\\/\\\/mutfakdolabi.com\\\/ar\\\/\",\"logo\":{\"@type\":\"ImageObject\",\"inLanguage\":\"ar\",\"@id\":\"https:\\\/\\\/mutfakdolabi.com\\\/ar\\\/#\\\/schema\\\/logo\\\/image\\\/\",\"url\":\"https:\\\/\\\/mutfakdolabi.com\\\/wp-content\\\/uploads\\\/2022\\\/06\\\/logo.svg\",\"contentUrl\":\"https:\\\/\\\/mutfakdolabi.com\\\/wp-content\\\/uploads\\\/2022\\\/06\\\/logo.svg\",\"width\":771,\"height\":150,\"caption\":\"Mutfak Dolab\u0131 Modelleri ve Fiyatlar\u0131\"},\"image\":{\"@id\":\"https:\\\/\\\/mutfakdolabi.com\\\/ar\\\/#\\\/schema\\\/logo\\\/image\\\/\"},\"sameAs\":[\"https:\\\/\\\/www.instagram.com\\\/Torunkapimobilya\"]}]}<\/script>\n<!-- \/ Yoast SEO Premium plugin. -->","yoast_head_json":{"title":"\u0623\u0643\u0631\u064a\u0644\u064a\u0643\u060c \u0644\u0648\u0646 \u0643\u0627\u0628\u062a\u0634\u064a\u0646\u0648 \u0641\u0627\u062a\u062d -","description":"\u0623\u0643\u0631\u064a\u0644\u064a\u0643\u060c \u0644\u0648\u0646 \u0643\u0627\u0628\u062a\u0634\u064a\u0646\u0648 \u0641\u0627\u062a\u062d","robots":{"index":"index","follow":"follow","max-snippet":"max-snippet:-1","max-image-preview":"max-image-preview:large","max-video-preview":"max-video-preview:-1"},"canonical":"https:\/\/mutfakdolabi.com\/ar\/urun\/%d8%a3%d9%83%d8%b1%d9%8a%d9%84%d9%8a%d9%83%d8%8c-%d9%84%d9%88%d9%86-%d9%83%d8%a7%d8%a8%d8%aa%d8%b4%d9%8a%d9%86%d9%88-%d9%81%d8%a7%d8%aa%d8%ad\/","og_locale":"ar_AR","og_type":"article","og_title":"\u0623\u0643\u0631\u064a\u0644\u064a\u0643\u060c \u0644\u0648\u0646 \u0643\u0627\u0628\u062a\u0634\u064a\u0646\u0648 \u0641\u0627\u062a\u062d","og_description":"\u0623\u0643\u0631\u064a\u0644\u064a\u0643\u060c \u0644\u0648\u0646 \u0643\u0627\u0628\u062a\u0634\u064a\u0646\u0648 \u0641\u0627\u062a\u062d","og_url":"https:\/\/mutfakdolabi.com\/ar\/urun\/%d8%a3%d9%83%d8%b1%d9%8a%d9%84%d9%8a%d9%83%d8%8c-%d9%84%d9%88%d9%86-%d9%83%d8%a7%d8%a8%d8%aa%d8%b4%d9%8a%d9%86%d9%88-%d9%81%d8%a7%d8%aa%d8%ad\/","og_site_name":"Mutfak Dolab\u0131 Modelleri ve Fiyatlar\u0131","article_modified_time":"2026-02-22T08:54:00+00:00","og_image":[{"width":450,"height":450,"url":"https:\/\/mutfakdolabi.com\/wp-content\/uploads\/2025\/09\/akrilik-acik-cappucino-rengi.webp","type":"image\/webp"}],"twitter_card":"summary_large_image","twitter_misc":{"\u0648\u0642\u062a \u0627\u0644\u0642\u0631\u0627\u0621\u0629 \u0627\u0644\u0645\u064f\u0642\u062f\u0651\u0631":"1 \u062f\u0642\u064a\u0642\u0629"},"schema":{"@context":"https:\/\/schema.org","@graph":[{"@type":"WebPage","@id":"https:\/\/mutfakdolabi.com\/ar\/urun\/%d8%a3%d9%83%d8%b1%d9%8a%d9%84%d9%8a%d9%83%d8%8c-%d9%84%d9%88%d9%86-%d9%83%d8%a7%d8%a8%d8%aa%d8%b4%d9%8a%d9%86%d9%88-%d9%81%d8%a7%d8%aa%d8%ad\/","url":"https:\/\/mutfakdolabi.com\/ar\/urun\/%d8%a3%d9%83%d8%b1%d9%8a%d9%84%d9%8a%d9%83%d8%8c-%d9%84%d9%88%d9%86-%d9%83%d8%a7%d8%a8%d8%aa%d8%b4%d9%8a%d9%86%d9%88-%d9%81%d8%a7%d8%aa%d8%ad\/","name":"\u0623\u0643\u0631\u064a\u0644\u064a\u0643\u060c \u0644\u0648\u0646 \u0643\u0627\u0628\u062a\u0634\u064a\u0646\u0648 \u0641\u0627\u062a\u062d -","isPartOf":{"@id":"https:\/\/mutfakdolabi.com\/ar\/#website"},"primaryImageOfPage":{"@id":"https:\/\/mutfakdolabi.com\/ar\/urun\/%d8%a3%d9%83%d8%b1%d9%8a%d9%84%d9%8a%d9%83%d8%8c-%d9%84%d9%88%d9%86-%d9%83%d8%a7%d8%a8%d8%aa%d8%b4%d9%8a%d9%86%d9%88-%d9%81%d8%a7%d8%aa%d8%ad\/#primaryimage"},"image":{"@id":"https:\/\/mutfakdolabi.com\/ar\/urun\/%d8%a3%d9%83%d8%b1%d9%8a%d9%84%d9%8a%d9%83%d8%8c-%d9%84%d9%88%d9%86-%d9%83%d8%a7%d8%a8%d8%aa%d8%b4%d9%8a%d9%86%d9%88-%d9%81%d8%a7%d8%aa%d8%ad\/#primaryimage"},"thumbnailUrl":"https:\/\/mutfakdolabi.com\/wp-content\/uploads\/2025\/09\/akrilik-acik-cappucino-rengi.webp","datePublished":"2025-09-20T11:41:21+00:00","dateModified":"2026-02-22T08:54:00+00:00","description":"\u0623\u0643\u0631\u064a\u0644\u064a\u0643\u060c \u0644\u0648\u0646 \u0643\u0627\u0628\u062a\u0634\u064a\u0646\u0648 \u0641\u0627\u062a\u062d","breadcrumb":{"@id":"https:\/\/mutfakdolabi.com\/ar\/urun\/%d8%a3%d9%83%d8%b1%d9%8a%d9%84%d9%8a%d9%83%d8%8c-%d9%84%d9%88%d9%86-%d9%83%d8%a7%d8%a8%d8%aa%d8%b4%d9%8a%d9%86%d9%88-%d9%81%d8%a7%d8%aa%d8%ad\/#breadcrumb"},"inLanguage":"ar","potentialAction":[{"@type":"ReadAction","target":["https:\/\/mutfakdolabi.com\/ar\/urun\/%d8%a3%d9%83%d8%b1%d9%8a%d9%84%d9%8a%d9%83%d8%8c-%d9%84%d9%88%d9%86-%d9%83%d8%a7%d8%a8%d8%aa%d8%b4%d9%8a%d9%86%d9%88-%d9%81%d8%a7%d8%aa%d8%ad\/"]}]},{"@type":"ImageObject","inLanguage":"ar","@id":"https:\/\/mutfakdolabi.com\/ar\/urun\/%d8%a3%d9%83%d8%b1%d9%8a%d9%84%d9%8a%d9%83%d8%8c-%d9%84%d9%88%d9%86-%d9%83%d8%a7%d8%a8%d8%aa%d8%b4%d9%8a%d9%86%d9%88-%d9%81%d8%a7%d8%aa%d8%ad\/#primaryimage","url":"https:\/\/mutfakdolabi.com\/wp-content\/uploads\/2025\/09\/akrilik-acik-cappucino-rengi.webp","contentUrl":"https:\/\/mutfakdolabi.com\/wp-content\/uploads\/2025\/09\/akrilik-acik-cappucino-rengi.webp","width":450,"height":450,"caption":"akrilik capu\u00e7ino rengi"},{"@type":"BreadcrumbList","@id":"https:\/\/mutfakdolabi.com\/ar\/urun\/%d8%a3%d9%83%d8%b1%d9%8a%d9%84%d9%8a%d9%83%d8%8c-%d9%84%d9%88%d9%86-%d9%83%d8%a7%d8%a8%d8%aa%d8%b4%d9%8a%d9%86%d9%88-%d9%81%d8%a7%d8%aa%d8%ad\/#breadcrumb","itemListElement":[{"@type":"ListItem","position":1,"name":"Home","item":"https:\/\/mutfakdolabi.com\/ar\/"},{"@type":"ListItem","position":2,"name":"Ma\u011faza","item":"https:\/\/mutfakdolabi.com\/magaza\/"},{"@type":"ListItem","position":3,"name":"\u0623\u0643\u0631\u064a\u0644\u064a\u0643\u060c \u0644\u0648\u0646 \u0643\u0627\u0628\u062a\u0634\u064a\u0646\u0648 \u0641\u0627\u062a\u062d"}]},{"@type":"WebSite","@id":"https:\/\/mutfakdolabi.com\/ar\/#website","url":"https:\/\/mutfakdolabi.com\/ar\/","name":"Mutfak Dolab\u0131 Modelleri ve Fiyatlar\u0131","description":"Mutfak dolaplar\u0131 modelleri","publisher":{"@id":"https:\/\/mutfakdolabi.com\/ar\/#organization"},"potentialAction":[{"@type":"SearchAction","target":{"@type":"EntryPoint","urlTemplate":"https:\/\/mutfakdolabi.com\/ar\/?s={search_term_string}"},"query-input":{"@type":"PropertyValueSpecification","valueRequired":true,"valueName":"search_term_string"}}],"inLanguage":"ar"},{"@type":"Organization","@id":"https:\/\/mutfakdolabi.com\/ar\/#organization","name":"Mutfak Dolab\u0131 Modelleri ve Fiyatlar\u0131","url":"https:\/\/mutfakdolabi.com\/ar\/","logo":{"@type":"ImageObject","inLanguage":"ar","@id":"https:\/\/mutfakdolabi.com\/ar\/#\/schema\/logo\/image\/","url":"https:\/\/mutfakdolabi.com\/wp-content\/uploads\/2022\/06\/logo.svg","contentUrl":"https:\/\/mutfakdolabi.com\/wp-content\/uploads\/2022\/06\/logo.svg","width":771,"height":150,"caption":"Mutfak Dolab\u0131 Modelleri ve Fiyatlar\u0131"},"image":{"@id":"https:\/\/mutfakdolabi.com\/ar\/#\/schema\/logo\/image\/"},"sameAs":["https:\/\/www.instagram.com\/Torunkapimobilya"]}]}},"_links":{"self":[{"href":"https:\/\/mutfakdolabi.com\/ar\/wp-json\/wp\/v2\/product\/20178","targetHints":{"allow":["GET"]}}],"collection":[{"href":"https:\/\/mutfakdolabi.com\/ar\/wp-json\/wp\/v2\/product"}],"about":[{"href":"https:\/\/mutfakdolabi.com\/ar\/wp-json\/wp\/v2\/types\/product"}],"replies":[{"embeddable":true,"href":"https:\/\/mutfakdolabi.com\/ar\/wp-json\/wp\/v2\/comments?post=20178"}],"version-history":[{"count":1,"href":"https:\/\/mutfakdolabi.com\/ar\/wp-json\/wp\/v2\/product\/20178\/revisions"}],"predecessor-version":[{"id":20186,"href":"https:\/\/mutfakdolabi.com\/ar\/wp-json\/wp\/v2\/product\/20178\/revisions\/20186"}],"wp:featuredmedia":[{"embeddable":true,"href":"https:\/\/mutfakdolabi.com\/ar\/wp-json\/wp\/v2\/media\/20179"}],"wp:attachment":[{"href":"https:\/\/mutfakdolabi.com\/ar\/wp-json\/wp\/v2\/media?parent=20178"}],"wp:term":[{"taxonomy":"product_cat","embeddable":true,"href":"https:\/\/mutfakdolabi.com\/ar\/wp-json\/wp\/v2\/product_cat?post=20178"},{"taxonomy":"product_tag","embeddable":true,"href":"https:\/\/mutfakdolabi.com\/ar\/wp-json\/wp\/v2\/product_tag?post=20178"}],"curies":[{"name":"wp","href":"https:\/\/api.w.org\/{rel}","templated":true}]}}