{"id":20156,"date":"2025-09-20T07:27:46","date_gmt":"2025-09-20T04:27:46","guid":{"rendered":"https:\/\/mutfakdolabi.com\/urun\/lamar-porselen-tezgah\/"},"modified":"2025-09-20T07:27:46","modified_gmt":"2025-09-20T04:27:46","slug":"lamar-porselen-tezgah","status":"publish","type":"product","link":"https:\/\/mutfakdolabi.com\/de\/urun\/lamar-porselen-tezgah\/","title":{"rendered":"lamar porselen tezgah"},"content":{"rendered":"","protected":false},"excerpt":{"rendered":"","protected":false},"featured_media":20157,"comment_status":"closed","ping_status":"closed","template":"","meta":{"inline_featured_image":false},"product_cat":[346],"product_tag":[727,728],"class_list":{"0":"post-20156","1":"product","2":"type-product","3":"status-publish","4":"has-post-thumbnail","6":"product_cat-farben-fuer-porzellan-arbeitsplatten","7":"product_tag-lamar-porselen-tezgah","8":"product_tag-porselen-tezgah","10":"first","11":"instock","12":"shipping-taxable","13":"product-type-simple"},"yoast_head":"<!-- This site is optimized with the Yoast SEO Premium plugin v26.6 (Yoast SEO v27.4) - https:\/\/yoast.com\/product\/yoast-seo-premium-wordpress\/ -->\n<title>lamar porselen tezgah - Mutfak Dolab\u0131 Modelleri ve Fiyatlar\u0131<\/title>\n<meta name=\"robots\" content=\"index, follow, max-snippet:-1, max-image-preview:large, max-video-preview:-1\" \/>\n<link rel=\"canonical\" href=\"https:\/\/mutfakdolabi.com\/de\/urun\/lamar-porselen-tezgah\/\" \/>\n<meta property=\"og:locale\" content=\"de_DE\" \/>\n<meta property=\"og:type\" content=\"article\" \/>\n<meta property=\"og:title\" content=\"lamar porselen tezgah\" \/>\n<meta property=\"og:url\" content=\"https:\/\/mutfakdolabi.com\/de\/urun\/lamar-porselen-tezgah\/\" \/>\n<meta property=\"og:site_name\" content=\"Mutfak Dolab\u0131 Modelleri ve Fiyatlar\u0131\" \/>\n<meta name=\"twitter:card\" content=\"summary_large_image\" \/>\n<script type=\"application\/ld+json\" class=\"yoast-schema-graph\">{\"@context\":\"https:\\\/\\\/schema.org\",\"@graph\":[{\"@type\":\"WebPage\",\"@id\":\"https:\\\/\\\/mutfakdolabi.com\\\/de\\\/urun\\\/lamar-porselen-tezgah\\\/\",\"url\":\"https:\\\/\\\/mutfakdolabi.com\\\/de\\\/urun\\\/lamar-porselen-tezgah\\\/\",\"name\":\"lamar porselen tezgah - Mutfak Dolab\u0131 Modelleri ve Fiyatlar\u0131\",\"isPartOf\":{\"@id\":\"https:\\\/\\\/mutfakdolabi.com\\\/de\\\/#website\"},\"primaryImageOfPage\":{\"@id\":\"https:\\\/\\\/mutfakdolabi.com\\\/de\\\/urun\\\/lamar-porselen-tezgah\\\/#primaryimage\"},\"image\":{\"@id\":\"https:\\\/\\\/mutfakdolabi.com\\\/de\\\/urun\\\/lamar-porselen-tezgah\\\/#primaryimage\"},\"thumbnailUrl\":\"https:\\\/\\\/mutfakdolabi.com\\\/wp-content\\\/uploads\\\/2025\\\/09\\\/lamar-tezgah.webp\",\"datePublished\":\"2025-09-20T04:27:46+00:00\",\"breadcrumb\":{\"@id\":\"https:\\\/\\\/mutfakdolabi.com\\\/de\\\/urun\\\/lamar-porselen-tezgah\\\/#breadcrumb\"},\"inLanguage\":\"de\",\"potentialAction\":[{\"@type\":\"ReadAction\",\"target\":[\"https:\\\/\\\/mutfakdolabi.com\\\/de\\\/urun\\\/lamar-porselen-tezgah\\\/\"]}]},{\"@type\":\"ImageObject\",\"inLanguage\":\"de\",\"@id\":\"https:\\\/\\\/mutfakdolabi.com\\\/de\\\/urun\\\/lamar-porselen-tezgah\\\/#primaryimage\",\"url\":\"https:\\\/\\\/mutfakdolabi.com\\\/wp-content\\\/uploads\\\/2025\\\/09\\\/lamar-tezgah.webp\",\"contentUrl\":\"https:\\\/\\\/mutfakdolabi.com\\\/wp-content\\\/uploads\\\/2025\\\/09\\\/lamar-tezgah.webp\",\"width\":960,\"height\":1440,\"caption\":\"lamar tezgah\"},{\"@type\":\"BreadcrumbList\",\"@id\":\"https:\\\/\\\/mutfakdolabi.com\\\/de\\\/urun\\\/lamar-porselen-tezgah\\\/#breadcrumb\",\"itemListElement\":[{\"@type\":\"ListItem\",\"position\":1,\"name\":\"Home\",\"item\":\"https:\\\/\\\/mutfakdolabi.com\\\/de\\\/\"},{\"@type\":\"ListItem\",\"position\":2,\"name\":\"Ma\u011faza\",\"item\":\"https:\\\/\\\/mutfakdolabi.com\\\/magaza\\\/\"},{\"@type\":\"ListItem\",\"position\":3,\"name\":\"lamar porselen tezgah\"}]},{\"@type\":\"WebSite\",\"@id\":\"https:\\\/\\\/mutfakdolabi.com\\\/de\\\/#website\",\"url\":\"https:\\\/\\\/mutfakdolabi.com\\\/de\\\/\",\"name\":\"Mutfak Dolab\u0131 Modelleri ve Fiyatlar\u0131\",\"description\":\"Mutfak dolaplar\u0131 modelleri\",\"publisher\":{\"@id\":\"https:\\\/\\\/mutfakdolabi.com\\\/de\\\/#organization\"},\"potentialAction\":[{\"@type\":\"SearchAction\",\"target\":{\"@type\":\"EntryPoint\",\"urlTemplate\":\"https:\\\/\\\/mutfakdolabi.com\\\/de\\\/?s={search_term_string}\"},\"query-input\":{\"@type\":\"PropertyValueSpecification\",\"valueRequired\":true,\"valueName\":\"search_term_string\"}}],\"inLanguage\":\"de\"},{\"@type\":\"Organization\",\"@id\":\"https:\\\/\\\/mutfakdolabi.com\\\/de\\\/#organization\",\"name\":\"Mutfak Dolab\u0131 Modelleri ve Fiyatlar\u0131\",\"url\":\"https:\\\/\\\/mutfakdolabi.com\\\/de\\\/\",\"logo\":{\"@type\":\"ImageObject\",\"inLanguage\":\"de\",\"@id\":\"https:\\\/\\\/mutfakdolabi.com\\\/de\\\/#\\\/schema\\\/logo\\\/image\\\/\",\"url\":\"https:\\\/\\\/mutfakdolabi.com\\\/wp-content\\\/uploads\\\/2022\\\/06\\\/logo.svg\",\"contentUrl\":\"https:\\\/\\\/mutfakdolabi.com\\\/wp-content\\\/uploads\\\/2022\\\/06\\\/logo.svg\",\"width\":771,\"height\":150,\"caption\":\"Mutfak Dolab\u0131 Modelleri ve Fiyatlar\u0131\"},\"image\":{\"@id\":\"https:\\\/\\\/mutfakdolabi.com\\\/de\\\/#\\\/schema\\\/logo\\\/image\\\/\"},\"sameAs\":[\"https:\\\/\\\/www.instagram.com\\\/Torunkapimobilya\"]}]}<\/script>\n<!-- \/ Yoast SEO Premium plugin. -->","yoast_head_json":{"title":"lamar porselen tezgah - Mutfak Dolab\u0131 Modelleri ve Fiyatlar\u0131","robots":{"index":"index","follow":"follow","max-snippet":"max-snippet:-1","max-image-preview":"max-image-preview:large","max-video-preview":"max-video-preview:-1"},"canonical":"https:\/\/mutfakdolabi.com\/de\/urun\/lamar-porselen-tezgah\/","og_locale":"de_DE","og_type":"article","og_title":"lamar porselen tezgah","og_url":"https:\/\/mutfakdolabi.com\/de\/urun\/lamar-porselen-tezgah\/","og_site_name":"Mutfak Dolab\u0131 Modelleri ve Fiyatlar\u0131","twitter_card":"summary_large_image","schema":{"@context":"https:\/\/schema.org","@graph":[{"@type":"WebPage","@id":"https:\/\/mutfakdolabi.com\/de\/urun\/lamar-porselen-tezgah\/","url":"https:\/\/mutfakdolabi.com\/de\/urun\/lamar-porselen-tezgah\/","name":"lamar porselen tezgah - Mutfak Dolab\u0131 Modelleri ve Fiyatlar\u0131","isPartOf":{"@id":"https:\/\/mutfakdolabi.com\/de\/#website"},"primaryImageOfPage":{"@id":"https:\/\/mutfakdolabi.com\/de\/urun\/lamar-porselen-tezgah\/#primaryimage"},"image":{"@id":"https:\/\/mutfakdolabi.com\/de\/urun\/lamar-porselen-tezgah\/#primaryimage"},"thumbnailUrl":"https:\/\/mutfakdolabi.com\/wp-content\/uploads\/2025\/09\/lamar-tezgah.webp","datePublished":"2025-09-20T04:27:46+00:00","breadcrumb":{"@id":"https:\/\/mutfakdolabi.com\/de\/urun\/lamar-porselen-tezgah\/#breadcrumb"},"inLanguage":"de","potentialAction":[{"@type":"ReadAction","target":["https:\/\/mutfakdolabi.com\/de\/urun\/lamar-porselen-tezgah\/"]}]},{"@type":"ImageObject","inLanguage":"de","@id":"https:\/\/mutfakdolabi.com\/de\/urun\/lamar-porselen-tezgah\/#primaryimage","url":"https:\/\/mutfakdolabi.com\/wp-content\/uploads\/2025\/09\/lamar-tezgah.webp","contentUrl":"https:\/\/mutfakdolabi.com\/wp-content\/uploads\/2025\/09\/lamar-tezgah.webp","width":960,"height":1440,"caption":"lamar tezgah"},{"@type":"BreadcrumbList","@id":"https:\/\/mutfakdolabi.com\/de\/urun\/lamar-porselen-tezgah\/#breadcrumb","itemListElement":[{"@type":"ListItem","position":1,"name":"Home","item":"https:\/\/mutfakdolabi.com\/de\/"},{"@type":"ListItem","position":2,"name":"Ma\u011faza","item":"https:\/\/mutfakdolabi.com\/magaza\/"},{"@type":"ListItem","position":3,"name":"lamar porselen tezgah"}]},{"@type":"WebSite","@id":"https:\/\/mutfakdolabi.com\/de\/#website","url":"https:\/\/mutfakdolabi.com\/de\/","name":"Mutfak Dolab\u0131 Modelleri ve Fiyatlar\u0131","description":"Mutfak dolaplar\u0131 modelleri","publisher":{"@id":"https:\/\/mutfakdolabi.com\/de\/#organization"},"potentialAction":[{"@type":"SearchAction","target":{"@type":"EntryPoint","urlTemplate":"https:\/\/mutfakdolabi.com\/de\/?s={search_term_string}"},"query-input":{"@type":"PropertyValueSpecification","valueRequired":true,"valueName":"search_term_string"}}],"inLanguage":"de"},{"@type":"Organization","@id":"https:\/\/mutfakdolabi.com\/de\/#organization","name":"Mutfak Dolab\u0131 Modelleri ve Fiyatlar\u0131","url":"https:\/\/mutfakdolabi.com\/de\/","logo":{"@type":"ImageObject","inLanguage":"de","@id":"https:\/\/mutfakdolabi.com\/de\/#\/schema\/logo\/image\/","url":"https:\/\/mutfakdolabi.com\/wp-content\/uploads\/2022\/06\/logo.svg","contentUrl":"https:\/\/mutfakdolabi.com\/wp-content\/uploads\/2022\/06\/logo.svg","width":771,"height":150,"caption":"Mutfak Dolab\u0131 Modelleri ve Fiyatlar\u0131"},"image":{"@id":"https:\/\/mutfakdolabi.com\/de\/#\/schema\/logo\/image\/"},"sameAs":["https:\/\/www.instagram.com\/Torunkapimobilya"]}]}},"_links":{"self":[{"href":"https:\/\/mutfakdolabi.com\/de\/wp-json\/wp\/v2\/product\/20156","targetHints":{"allow":["GET"]}}],"collection":[{"href":"https:\/\/mutfakdolabi.com\/de\/wp-json\/wp\/v2\/product"}],"about":[{"href":"https:\/\/mutfakdolabi.com\/de\/wp-json\/wp\/v2\/types\/product"}],"replies":[{"embeddable":true,"href":"https:\/\/mutfakdolabi.com\/de\/wp-json\/wp\/v2\/comments?post=20156"}],"version-history":[{"count":0,"href":"https:\/\/mutfakdolabi.com\/de\/wp-json\/wp\/v2\/product\/20156\/revisions"}],"wp:featuredmedia":[{"embeddable":true,"href":"https:\/\/mutfakdolabi.com\/de\/wp-json\/wp\/v2\/media\/20157"}],"wp:attachment":[{"href":"https:\/\/mutfakdolabi.com\/de\/wp-json\/wp\/v2\/media?parent=20156"}],"wp:term":[{"taxonomy":"product_cat","embeddable":true,"href":"https:\/\/mutfakdolabi.com\/de\/wp-json\/wp\/v2\/product_cat?post=20156"},{"taxonomy":"product_tag","embeddable":true,"href":"https:\/\/mutfakdolabi.com\/de\/wp-json\/wp\/v2\/product_tag?post=20156"}],"curies":[{"name":"wp","href":"https:\/\/api.w.org\/{rel}","templated":true}]}}