{"id":20154,"date":"2025-09-20T07:27:46","date_gmt":"2025-09-20T04:27:46","guid":{"rendered":"https:\/\/mutfakdolabi.com\/urun\/lamar-porselen-tezgah\/"},"modified":"2026-02-21T13:50:29","modified_gmt":"2026-02-21T10:50:29","slug":"comptoir-en-porcelaine-lamar","status":"publish","type":"product","link":"https:\/\/mutfakdolabi.com\/fr\/urun\/comptoir-en-porcelaine-lamar\/","title":{"rendered":"Comptoir en porcelaine Lamar"},"content":{"rendered":"","protected":false},"excerpt":{"rendered":"","protected":false},"featured_media":20155,"comment_status":"closed","ping_status":"closed","template":"","meta":{"inline_featured_image":false},"product_cat":[337],"product_tag":[725,726],"class_list":{"0":"post-20154","1":"product","2":"type-product","3":"status-publish","4":"has-post-thumbnail","6":"product_cat-couleurs-des-comptoirs-en-porcelaine","7":"product_tag-lamar-porselen-tezgah","8":"product_tag-porselen-tezgah","10":"first","11":"instock","12":"shipping-taxable","13":"product-type-simple"},"yoast_head":"<!-- This site is optimized with the Yoast SEO Premium plugin v26.6 (Yoast SEO v27.4) - https:\/\/yoast.com\/product\/yoast-seo-premium-wordpress\/ -->\n<title>Comptoir en porcelaine Lamar -<\/title>\n<meta name=\"description\" content=\"Les comptoirs en porcelaine Lamar offrent un choix de couleurs id\u00e9al pour les cuisines modernes. Apportez une touche d&#039;\u00e9l\u00e9gance \u00e0 votre cuisine avec les comptoirs en porcelaine Lamar.\" \/>\n<meta name=\"robots\" content=\"index, follow, max-snippet:-1, max-image-preview:large, max-video-preview:-1\" \/>\n<link rel=\"canonical\" href=\"https:\/\/mutfakdolabi.com\/fr\/urun\/comptoir-en-porcelaine-lamar\/\" \/>\n<meta property=\"og:locale\" content=\"fr_FR\" \/>\n<meta property=\"og:type\" content=\"article\" \/>\n<meta property=\"og:title\" content=\"Comptoir en porcelaine Lamar\" \/>\n<meta property=\"og:description\" content=\"Les comptoirs en porcelaine Lamar offrent un choix de couleurs id\u00e9al pour les cuisines modernes. Apportez une touche d&#039;\u00e9l\u00e9gance \u00e0 votre cuisine avec les comptoirs en porcelaine Lamar.\" \/>\n<meta property=\"og:url\" content=\"https:\/\/mutfakdolabi.com\/fr\/urun\/comptoir-en-porcelaine-lamar\/\" \/>\n<meta property=\"og:site_name\" content=\"Mutfak Dolab\u0131 Modelleri ve Fiyatlar\u0131\" \/>\n<meta property=\"article:modified_time\" content=\"2026-02-21T10:50:29+00:00\" \/>\n<meta property=\"og:image\" content=\"https:\/\/mutfakdolabi.com\/wp-content\/uploads\/2025\/09\/lamar-tezgah.webp\" \/>\n\t<meta property=\"og:image:width\" content=\"960\" \/>\n\t<meta property=\"og:image:height\" content=\"1440\" \/>\n\t<meta property=\"og:image:type\" content=\"image\/webp\" \/>\n<meta name=\"twitter:card\" content=\"summary_large_image\" \/>\n<meta name=\"twitter:label1\" content=\"Dur\u00e9e de lecture estim\u00e9e\" \/>\n\t<meta name=\"twitter:data1\" content=\"1 minute\" \/>\n<script type=\"application\/ld+json\" class=\"yoast-schema-graph\">{\"@context\":\"https:\\\/\\\/schema.org\",\"@graph\":[{\"@type\":\"WebPage\",\"@id\":\"https:\\\/\\\/mutfakdolabi.com\\\/fr\\\/urun\\\/comptoir-en-porcelaine-lamar\\\/\",\"url\":\"https:\\\/\\\/mutfakdolabi.com\\\/fr\\\/urun\\\/comptoir-en-porcelaine-lamar\\\/\",\"name\":\"Comptoir en porcelaine Lamar -\",\"isPartOf\":{\"@id\":\"https:\\\/\\\/mutfakdolabi.com\\\/fr\\\/#website\"},\"primaryImageOfPage\":{\"@id\":\"https:\\\/\\\/mutfakdolabi.com\\\/fr\\\/urun\\\/comptoir-en-porcelaine-lamar\\\/#primaryimage\"},\"image\":{\"@id\":\"https:\\\/\\\/mutfakdolabi.com\\\/fr\\\/urun\\\/comptoir-en-porcelaine-lamar\\\/#primaryimage\"},\"thumbnailUrl\":\"https:\\\/\\\/mutfakdolabi.com\\\/wp-content\\\/uploads\\\/2025\\\/09\\\/lamar-tezgah.webp\",\"datePublished\":\"2025-09-20T04:27:46+00:00\",\"dateModified\":\"2026-02-21T10:50:29+00:00\",\"description\":\"Les comptoirs en porcelaine Lamar offrent un choix de couleurs id\u00e9al pour les cuisines modernes. Apportez une touche d'\u00e9l\u00e9gance \u00e0 votre cuisine avec les comptoirs en porcelaine Lamar.\",\"breadcrumb\":{\"@id\":\"https:\\\/\\\/mutfakdolabi.com\\\/fr\\\/urun\\\/comptoir-en-porcelaine-lamar\\\/#breadcrumb\"},\"inLanguage\":\"fr-FR\",\"potentialAction\":[{\"@type\":\"ReadAction\",\"target\":[\"https:\\\/\\\/mutfakdolabi.com\\\/fr\\\/urun\\\/comptoir-en-porcelaine-lamar\\\/\"]}]},{\"@type\":\"ImageObject\",\"inLanguage\":\"fr-FR\",\"@id\":\"https:\\\/\\\/mutfakdolabi.com\\\/fr\\\/urun\\\/comptoir-en-porcelaine-lamar\\\/#primaryimage\",\"url\":\"https:\\\/\\\/mutfakdolabi.com\\\/wp-content\\\/uploads\\\/2025\\\/09\\\/lamar-tezgah.webp\",\"contentUrl\":\"https:\\\/\\\/mutfakdolabi.com\\\/wp-content\\\/uploads\\\/2025\\\/09\\\/lamar-tezgah.webp\",\"width\":960,\"height\":1440,\"caption\":\"lamar tezgah\"},{\"@type\":\"BreadcrumbList\",\"@id\":\"https:\\\/\\\/mutfakdolabi.com\\\/fr\\\/urun\\\/comptoir-en-porcelaine-lamar\\\/#breadcrumb\",\"itemListElement\":[{\"@type\":\"ListItem\",\"position\":1,\"name\":\"Home\",\"item\":\"https:\\\/\\\/mutfakdolabi.com\\\/fr\\\/\"},{\"@type\":\"ListItem\",\"position\":2,\"name\":\"Ma\u011faza\",\"item\":\"https:\\\/\\\/mutfakdolabi.com\\\/magaza\\\/\"},{\"@type\":\"ListItem\",\"position\":3,\"name\":\"Comptoir en porcelaine Lamar\"}]},{\"@type\":\"WebSite\",\"@id\":\"https:\\\/\\\/mutfakdolabi.com\\\/fr\\\/#website\",\"url\":\"https:\\\/\\\/mutfakdolabi.com\\\/fr\\\/\",\"name\":\"Mutfak Dolab\u0131 Modelleri ve Fiyatlar\u0131\",\"description\":\"Mutfak dolaplar\u0131 modelleri\",\"publisher\":{\"@id\":\"https:\\\/\\\/mutfakdolabi.com\\\/fr\\\/#organization\"},\"potentialAction\":[{\"@type\":\"SearchAction\",\"target\":{\"@type\":\"EntryPoint\",\"urlTemplate\":\"https:\\\/\\\/mutfakdolabi.com\\\/fr\\\/?s={search_term_string}\"},\"query-input\":{\"@type\":\"PropertyValueSpecification\",\"valueRequired\":true,\"valueName\":\"search_term_string\"}}],\"inLanguage\":\"fr-FR\"},{\"@type\":\"Organization\",\"@id\":\"https:\\\/\\\/mutfakdolabi.com\\\/fr\\\/#organization\",\"name\":\"Mutfak Dolab\u0131 Modelleri ve Fiyatlar\u0131\",\"url\":\"https:\\\/\\\/mutfakdolabi.com\\\/fr\\\/\",\"logo\":{\"@type\":\"ImageObject\",\"inLanguage\":\"fr-FR\",\"@id\":\"https:\\\/\\\/mutfakdolabi.com\\\/fr\\\/#\\\/schema\\\/logo\\\/image\\\/\",\"url\":\"https:\\\/\\\/mutfakdolabi.com\\\/wp-content\\\/uploads\\\/2022\\\/06\\\/logo.svg\",\"contentUrl\":\"https:\\\/\\\/mutfakdolabi.com\\\/wp-content\\\/uploads\\\/2022\\\/06\\\/logo.svg\",\"width\":771,\"height\":150,\"caption\":\"Mutfak Dolab\u0131 Modelleri ve Fiyatlar\u0131\"},\"image\":{\"@id\":\"https:\\\/\\\/mutfakdolabi.com\\\/fr\\\/#\\\/schema\\\/logo\\\/image\\\/\"},\"sameAs\":[\"https:\\\/\\\/www.instagram.com\\\/Torunkapimobilya\"]}]}<\/script>\n<!-- \/ Yoast SEO Premium plugin. -->","yoast_head_json":{"title":"Comptoir en porcelaine Lamar -","description":"Les comptoirs en porcelaine Lamar offrent un choix de couleurs id\u00e9al pour les cuisines modernes. Apportez une touche d'\u00e9l\u00e9gance \u00e0 votre cuisine avec les comptoirs en porcelaine Lamar.","robots":{"index":"index","follow":"follow","max-snippet":"max-snippet:-1","max-image-preview":"max-image-preview:large","max-video-preview":"max-video-preview:-1"},"canonical":"https:\/\/mutfakdolabi.com\/fr\/urun\/comptoir-en-porcelaine-lamar\/","og_locale":"fr_FR","og_type":"article","og_title":"Comptoir en porcelaine Lamar","og_description":"Les comptoirs en porcelaine Lamar offrent un choix de couleurs id\u00e9al pour les cuisines modernes. Apportez une touche d'\u00e9l\u00e9gance \u00e0 votre cuisine avec les comptoirs en porcelaine Lamar.","og_url":"https:\/\/mutfakdolabi.com\/fr\/urun\/comptoir-en-porcelaine-lamar\/","og_site_name":"Mutfak Dolab\u0131 Modelleri ve Fiyatlar\u0131","article_modified_time":"2026-02-21T10:50:29+00:00","og_image":[{"width":960,"height":1440,"url":"https:\/\/mutfakdolabi.com\/wp-content\/uploads\/2025\/09\/lamar-tezgah.webp","type":"image\/webp"}],"twitter_card":"summary_large_image","twitter_misc":{"Dur\u00e9e de lecture estim\u00e9e":"1 minute"},"schema":{"@context":"https:\/\/schema.org","@graph":[{"@type":"WebPage","@id":"https:\/\/mutfakdolabi.com\/fr\/urun\/comptoir-en-porcelaine-lamar\/","url":"https:\/\/mutfakdolabi.com\/fr\/urun\/comptoir-en-porcelaine-lamar\/","name":"Comptoir en porcelaine Lamar -","isPartOf":{"@id":"https:\/\/mutfakdolabi.com\/fr\/#website"},"primaryImageOfPage":{"@id":"https:\/\/mutfakdolabi.com\/fr\/urun\/comptoir-en-porcelaine-lamar\/#primaryimage"},"image":{"@id":"https:\/\/mutfakdolabi.com\/fr\/urun\/comptoir-en-porcelaine-lamar\/#primaryimage"},"thumbnailUrl":"https:\/\/mutfakdolabi.com\/wp-content\/uploads\/2025\/09\/lamar-tezgah.webp","datePublished":"2025-09-20T04:27:46+00:00","dateModified":"2026-02-21T10:50:29+00:00","description":"Les comptoirs en porcelaine Lamar offrent un choix de couleurs id\u00e9al pour les cuisines modernes. Apportez une touche d'\u00e9l\u00e9gance \u00e0 votre cuisine avec les comptoirs en porcelaine Lamar.","breadcrumb":{"@id":"https:\/\/mutfakdolabi.com\/fr\/urun\/comptoir-en-porcelaine-lamar\/#breadcrumb"},"inLanguage":"fr-FR","potentialAction":[{"@type":"ReadAction","target":["https:\/\/mutfakdolabi.com\/fr\/urun\/comptoir-en-porcelaine-lamar\/"]}]},{"@type":"ImageObject","inLanguage":"fr-FR","@id":"https:\/\/mutfakdolabi.com\/fr\/urun\/comptoir-en-porcelaine-lamar\/#primaryimage","url":"https:\/\/mutfakdolabi.com\/wp-content\/uploads\/2025\/09\/lamar-tezgah.webp","contentUrl":"https:\/\/mutfakdolabi.com\/wp-content\/uploads\/2025\/09\/lamar-tezgah.webp","width":960,"height":1440,"caption":"lamar tezgah"},{"@type":"BreadcrumbList","@id":"https:\/\/mutfakdolabi.com\/fr\/urun\/comptoir-en-porcelaine-lamar\/#breadcrumb","itemListElement":[{"@type":"ListItem","position":1,"name":"Home","item":"https:\/\/mutfakdolabi.com\/fr\/"},{"@type":"ListItem","position":2,"name":"Ma\u011faza","item":"https:\/\/mutfakdolabi.com\/magaza\/"},{"@type":"ListItem","position":3,"name":"Comptoir en porcelaine Lamar"}]},{"@type":"WebSite","@id":"https:\/\/mutfakdolabi.com\/fr\/#website","url":"https:\/\/mutfakdolabi.com\/fr\/","name":"Mutfak Dolab\u0131 Modelleri ve Fiyatlar\u0131","description":"Mutfak dolaplar\u0131 modelleri","publisher":{"@id":"https:\/\/mutfakdolabi.com\/fr\/#organization"},"potentialAction":[{"@type":"SearchAction","target":{"@type":"EntryPoint","urlTemplate":"https:\/\/mutfakdolabi.com\/fr\/?s={search_term_string}"},"query-input":{"@type":"PropertyValueSpecification","valueRequired":true,"valueName":"search_term_string"}}],"inLanguage":"fr-FR"},{"@type":"Organization","@id":"https:\/\/mutfakdolabi.com\/fr\/#organization","name":"Mutfak Dolab\u0131 Modelleri ve Fiyatlar\u0131","url":"https:\/\/mutfakdolabi.com\/fr\/","logo":{"@type":"ImageObject","inLanguage":"fr-FR","@id":"https:\/\/mutfakdolabi.com\/fr\/#\/schema\/logo\/image\/","url":"https:\/\/mutfakdolabi.com\/wp-content\/uploads\/2022\/06\/logo.svg","contentUrl":"https:\/\/mutfakdolabi.com\/wp-content\/uploads\/2022\/06\/logo.svg","width":771,"height":150,"caption":"Mutfak Dolab\u0131 Modelleri ve Fiyatlar\u0131"},"image":{"@id":"https:\/\/mutfakdolabi.com\/fr\/#\/schema\/logo\/image\/"},"sameAs":["https:\/\/www.instagram.com\/Torunkapimobilya"]}]}},"_links":{"self":[{"href":"https:\/\/mutfakdolabi.com\/fr\/wp-json\/wp\/v2\/product\/20154","targetHints":{"allow":["GET"]}}],"collection":[{"href":"https:\/\/mutfakdolabi.com\/fr\/wp-json\/wp\/v2\/product"}],"about":[{"href":"https:\/\/mutfakdolabi.com\/fr\/wp-json\/wp\/v2\/types\/product"}],"replies":[{"embeddable":true,"href":"https:\/\/mutfakdolabi.com\/fr\/wp-json\/wp\/v2\/comments?post=20154"}],"version-history":[{"count":2,"href":"https:\/\/mutfakdolabi.com\/fr\/wp-json\/wp\/v2\/product\/20154\/revisions"}],"predecessor-version":[{"id":20159,"href":"https:\/\/mutfakdolabi.com\/fr\/wp-json\/wp\/v2\/product\/20154\/revisions\/20159"}],"wp:featuredmedia":[{"embeddable":true,"href":"https:\/\/mutfakdolabi.com\/fr\/wp-json\/wp\/v2\/media\/20155"}],"wp:attachment":[{"href":"https:\/\/mutfakdolabi.com\/fr\/wp-json\/wp\/v2\/media?parent=20154"}],"wp:term":[{"taxonomy":"product_cat","embeddable":true,"href":"https:\/\/mutfakdolabi.com\/fr\/wp-json\/wp\/v2\/product_cat?post=20154"},{"taxonomy":"product_tag","embeddable":true,"href":"https:\/\/mutfakdolabi.com\/fr\/wp-json\/wp\/v2\/product_tag?post=20154"}],"curies":[{"name":"wp","href":"https:\/\/api.w.org\/{rel}","templated":true}]}}