{"id":20182,"date":"2025-09-20T14:41:21","date_gmt":"2025-09-20T11:41:21","guid":{"rendered":"https:\/\/mutfakdolabi.com\/urun\/akrilik-acik-cappucino-rengi\/"},"modified":"2026-02-22T12:01:58","modified_gmt":"2026-02-22T09:01:58","slug":"acrylique-couleur-cappuccino-clair","status":"publish","type":"product","link":"https:\/\/mutfakdolabi.com\/fr\/urun\/acrylique-couleur-cappuccino-clair\/","title":{"rendered":"Acrylique, couleur cappuccino clair"},"content":{"rendered":"","protected":false},"excerpt":{"rendered":"","protected":false},"featured_media":20183,"comment_status":"closed","ping_status":"closed","template":"","meta":{"inline_featured_image":false},"product_cat":[330],"product_tag":[746],"class_list":{"0":"post-20182","1":"product","2":"type-product","3":"status-publish","4":"has-post-thumbnail","6":"product_cat-couvercle-de-cuisine-en-acrylique","7":"product_tag-akrilik-acik-cappucino-rengi","9":"first","10":"instock","11":"shipping-taxable","12":"product-type-simple"},"yoast_head":"<!-- This site is optimized with the Yoast SEO Premium plugin v26.6 (Yoast SEO v27.4) - https:\/\/yoast.com\/product\/yoast-seo-premium-wordpress\/ -->\n<title>Acrylique, couleur cappuccino clair -<\/title>\n<meta name=\"description\" content=\"Acrylique, couleur cappuccino clair\" \/>\n<meta name=\"robots\" content=\"index, follow, max-snippet:-1, max-image-preview:large, max-video-preview:-1\" \/>\n<link rel=\"canonical\" href=\"https:\/\/mutfakdolabi.com\/fr\/urun\/acrylique-couleur-cappuccino-clair\/\" \/>\n<meta property=\"og:locale\" content=\"fr_FR\" \/>\n<meta property=\"og:type\" content=\"article\" \/>\n<meta property=\"og:title\" content=\"Acrylique, couleur cappuccino clair\" \/>\n<meta property=\"og:description\" content=\"Acrylique, couleur cappuccino clair\" \/>\n<meta property=\"og:url\" content=\"https:\/\/mutfakdolabi.com\/fr\/urun\/acrylique-couleur-cappuccino-clair\/\" \/>\n<meta property=\"og:site_name\" content=\"Mutfak Dolab\u0131 Modelleri ve Fiyatlar\u0131\" \/>\n<meta property=\"article:modified_time\" content=\"2026-02-22T09:01:58+00:00\" \/>\n<meta property=\"og:image\" content=\"https:\/\/mutfakdolabi.com\/wp-content\/uploads\/2025\/09\/akrilik-acik-cappucino-rengi.webp\" \/>\n\t<meta property=\"og:image:width\" content=\"450\" \/>\n\t<meta property=\"og:image:height\" content=\"450\" \/>\n\t<meta property=\"og:image:type\" content=\"image\/webp\" \/>\n<meta name=\"twitter:card\" content=\"summary_large_image\" \/>\n<meta name=\"twitter:label1\" content=\"Dur\u00e9e de lecture estim\u00e9e\" \/>\n\t<meta name=\"twitter:data1\" content=\"1 minute\" \/>\n<script type=\"application\/ld+json\" class=\"yoast-schema-graph\">{\"@context\":\"https:\\\/\\\/schema.org\",\"@graph\":[{\"@type\":\"WebPage\",\"@id\":\"https:\\\/\\\/mutfakdolabi.com\\\/fr\\\/urun\\\/acrylique-couleur-cappuccino-clair\\\/\",\"url\":\"https:\\\/\\\/mutfakdolabi.com\\\/fr\\\/urun\\\/acrylique-couleur-cappuccino-clair\\\/\",\"name\":\"Acrylique, couleur cappuccino clair -\",\"isPartOf\":{\"@id\":\"https:\\\/\\\/mutfakdolabi.com\\\/fr\\\/#website\"},\"primaryImageOfPage\":{\"@id\":\"https:\\\/\\\/mutfakdolabi.com\\\/fr\\\/urun\\\/acrylique-couleur-cappuccino-clair\\\/#primaryimage\"},\"image\":{\"@id\":\"https:\\\/\\\/mutfakdolabi.com\\\/fr\\\/urun\\\/acrylique-couleur-cappuccino-clair\\\/#primaryimage\"},\"thumbnailUrl\":\"https:\\\/\\\/mutfakdolabi.com\\\/wp-content\\\/uploads\\\/2025\\\/09\\\/akrilik-acik-cappucino-rengi.webp\",\"datePublished\":\"2025-09-20T11:41:21+00:00\",\"dateModified\":\"2026-02-22T09:01:58+00:00\",\"description\":\"Acrylique, couleur cappuccino clair\",\"breadcrumb\":{\"@id\":\"https:\\\/\\\/mutfakdolabi.com\\\/fr\\\/urun\\\/acrylique-couleur-cappuccino-clair\\\/#breadcrumb\"},\"inLanguage\":\"fr-FR\",\"potentialAction\":[{\"@type\":\"ReadAction\",\"target\":[\"https:\\\/\\\/mutfakdolabi.com\\\/fr\\\/urun\\\/acrylique-couleur-cappuccino-clair\\\/\"]}]},{\"@type\":\"ImageObject\",\"inLanguage\":\"fr-FR\",\"@id\":\"https:\\\/\\\/mutfakdolabi.com\\\/fr\\\/urun\\\/acrylique-couleur-cappuccino-clair\\\/#primaryimage\",\"url\":\"https:\\\/\\\/mutfakdolabi.com\\\/wp-content\\\/uploads\\\/2025\\\/09\\\/akrilik-acik-cappucino-rengi.webp\",\"contentUrl\":\"https:\\\/\\\/mutfakdolabi.com\\\/wp-content\\\/uploads\\\/2025\\\/09\\\/akrilik-acik-cappucino-rengi.webp\",\"width\":450,\"height\":450,\"caption\":\"akrilik capu\u00e7ino rengi\"},{\"@type\":\"BreadcrumbList\",\"@id\":\"https:\\\/\\\/mutfakdolabi.com\\\/fr\\\/urun\\\/acrylique-couleur-cappuccino-clair\\\/#breadcrumb\",\"itemListElement\":[{\"@type\":\"ListItem\",\"position\":1,\"name\":\"Home\",\"item\":\"https:\\\/\\\/mutfakdolabi.com\\\/fr\\\/\"},{\"@type\":\"ListItem\",\"position\":2,\"name\":\"Ma\u011faza\",\"item\":\"https:\\\/\\\/mutfakdolabi.com\\\/magaza\\\/\"},{\"@type\":\"ListItem\",\"position\":3,\"name\":\"Acrylique, couleur cappuccino clair\"}]},{\"@type\":\"WebSite\",\"@id\":\"https:\\\/\\\/mutfakdolabi.com\\\/fr\\\/#website\",\"url\":\"https:\\\/\\\/mutfakdolabi.com\\\/fr\\\/\",\"name\":\"Mutfak Dolab\u0131 Modelleri ve Fiyatlar\u0131\",\"description\":\"Mutfak dolaplar\u0131 modelleri\",\"publisher\":{\"@id\":\"https:\\\/\\\/mutfakdolabi.com\\\/fr\\\/#organization\"},\"potentialAction\":[{\"@type\":\"SearchAction\",\"target\":{\"@type\":\"EntryPoint\",\"urlTemplate\":\"https:\\\/\\\/mutfakdolabi.com\\\/fr\\\/?s={search_term_string}\"},\"query-input\":{\"@type\":\"PropertyValueSpecification\",\"valueRequired\":true,\"valueName\":\"search_term_string\"}}],\"inLanguage\":\"fr-FR\"},{\"@type\":\"Organization\",\"@id\":\"https:\\\/\\\/mutfakdolabi.com\\\/fr\\\/#organization\",\"name\":\"Mutfak Dolab\u0131 Modelleri ve Fiyatlar\u0131\",\"url\":\"https:\\\/\\\/mutfakdolabi.com\\\/fr\\\/\",\"logo\":{\"@type\":\"ImageObject\",\"inLanguage\":\"fr-FR\",\"@id\":\"https:\\\/\\\/mutfakdolabi.com\\\/fr\\\/#\\\/schema\\\/logo\\\/image\\\/\",\"url\":\"https:\\\/\\\/mutfakdolabi.com\\\/wp-content\\\/uploads\\\/2022\\\/06\\\/logo.svg\",\"contentUrl\":\"https:\\\/\\\/mutfakdolabi.com\\\/wp-content\\\/uploads\\\/2022\\\/06\\\/logo.svg\",\"width\":771,\"height\":150,\"caption\":\"Mutfak Dolab\u0131 Modelleri ve Fiyatlar\u0131\"},\"image\":{\"@id\":\"https:\\\/\\\/mutfakdolabi.com\\\/fr\\\/#\\\/schema\\\/logo\\\/image\\\/\"},\"sameAs\":[\"https:\\\/\\\/www.instagram.com\\\/Torunkapimobilya\"]}]}<\/script>\n<!-- \/ Yoast SEO Premium plugin. -->","yoast_head_json":{"title":"Acrylique, couleur cappuccino clair -","description":"Acrylique, couleur cappuccino clair","robots":{"index":"index","follow":"follow","max-snippet":"max-snippet:-1","max-image-preview":"max-image-preview:large","max-video-preview":"max-video-preview:-1"},"canonical":"https:\/\/mutfakdolabi.com\/fr\/urun\/acrylique-couleur-cappuccino-clair\/","og_locale":"fr_FR","og_type":"article","og_title":"Acrylique, couleur cappuccino clair","og_description":"Acrylique, couleur cappuccino clair","og_url":"https:\/\/mutfakdolabi.com\/fr\/urun\/acrylique-couleur-cappuccino-clair\/","og_site_name":"Mutfak Dolab\u0131 Modelleri ve Fiyatlar\u0131","article_modified_time":"2026-02-22T09:01:58+00:00","og_image":[{"width":450,"height":450,"url":"https:\/\/mutfakdolabi.com\/wp-content\/uploads\/2025\/09\/akrilik-acik-cappucino-rengi.webp","type":"image\/webp"}],"twitter_card":"summary_large_image","twitter_misc":{"Dur\u00e9e de lecture estim\u00e9e":"1 minute"},"schema":{"@context":"https:\/\/schema.org","@graph":[{"@type":"WebPage","@id":"https:\/\/mutfakdolabi.com\/fr\/urun\/acrylique-couleur-cappuccino-clair\/","url":"https:\/\/mutfakdolabi.com\/fr\/urun\/acrylique-couleur-cappuccino-clair\/","name":"Acrylique, couleur cappuccino clair -","isPartOf":{"@id":"https:\/\/mutfakdolabi.com\/fr\/#website"},"primaryImageOfPage":{"@id":"https:\/\/mutfakdolabi.com\/fr\/urun\/acrylique-couleur-cappuccino-clair\/#primaryimage"},"image":{"@id":"https:\/\/mutfakdolabi.com\/fr\/urun\/acrylique-couleur-cappuccino-clair\/#primaryimage"},"thumbnailUrl":"https:\/\/mutfakdolabi.com\/wp-content\/uploads\/2025\/09\/akrilik-acik-cappucino-rengi.webp","datePublished":"2025-09-20T11:41:21+00:00","dateModified":"2026-02-22T09:01:58+00:00","description":"Acrylique, couleur cappuccino clair","breadcrumb":{"@id":"https:\/\/mutfakdolabi.com\/fr\/urun\/acrylique-couleur-cappuccino-clair\/#breadcrumb"},"inLanguage":"fr-FR","potentialAction":[{"@type":"ReadAction","target":["https:\/\/mutfakdolabi.com\/fr\/urun\/acrylique-couleur-cappuccino-clair\/"]}]},{"@type":"ImageObject","inLanguage":"fr-FR","@id":"https:\/\/mutfakdolabi.com\/fr\/urun\/acrylique-couleur-cappuccino-clair\/#primaryimage","url":"https:\/\/mutfakdolabi.com\/wp-content\/uploads\/2025\/09\/akrilik-acik-cappucino-rengi.webp","contentUrl":"https:\/\/mutfakdolabi.com\/wp-content\/uploads\/2025\/09\/akrilik-acik-cappucino-rengi.webp","width":450,"height":450,"caption":"akrilik capu\u00e7ino rengi"},{"@type":"BreadcrumbList","@id":"https:\/\/mutfakdolabi.com\/fr\/urun\/acrylique-couleur-cappuccino-clair\/#breadcrumb","itemListElement":[{"@type":"ListItem","position":1,"name":"Home","item":"https:\/\/mutfakdolabi.com\/fr\/"},{"@type":"ListItem","position":2,"name":"Ma\u011faza","item":"https:\/\/mutfakdolabi.com\/magaza\/"},{"@type":"ListItem","position":3,"name":"Acrylique, couleur cappuccino clair"}]},{"@type":"WebSite","@id":"https:\/\/mutfakdolabi.com\/fr\/#website","url":"https:\/\/mutfakdolabi.com\/fr\/","name":"Mutfak Dolab\u0131 Modelleri ve Fiyatlar\u0131","description":"Mutfak dolaplar\u0131 modelleri","publisher":{"@id":"https:\/\/mutfakdolabi.com\/fr\/#organization"},"potentialAction":[{"@type":"SearchAction","target":{"@type":"EntryPoint","urlTemplate":"https:\/\/mutfakdolabi.com\/fr\/?s={search_term_string}"},"query-input":{"@type":"PropertyValueSpecification","valueRequired":true,"valueName":"search_term_string"}}],"inLanguage":"fr-FR"},{"@type":"Organization","@id":"https:\/\/mutfakdolabi.com\/fr\/#organization","name":"Mutfak Dolab\u0131 Modelleri ve Fiyatlar\u0131","url":"https:\/\/mutfakdolabi.com\/fr\/","logo":{"@type":"ImageObject","inLanguage":"fr-FR","@id":"https:\/\/mutfakdolabi.com\/fr\/#\/schema\/logo\/image\/","url":"https:\/\/mutfakdolabi.com\/wp-content\/uploads\/2022\/06\/logo.svg","contentUrl":"https:\/\/mutfakdolabi.com\/wp-content\/uploads\/2022\/06\/logo.svg","width":771,"height":150,"caption":"Mutfak Dolab\u0131 Modelleri ve Fiyatlar\u0131"},"image":{"@id":"https:\/\/mutfakdolabi.com\/fr\/#\/schema\/logo\/image\/"},"sameAs":["https:\/\/www.instagram.com\/Torunkapimobilya"]}]}},"_links":{"self":[{"href":"https:\/\/mutfakdolabi.com\/fr\/wp-json\/wp\/v2\/product\/20182","targetHints":{"allow":["GET"]}}],"collection":[{"href":"https:\/\/mutfakdolabi.com\/fr\/wp-json\/wp\/v2\/product"}],"about":[{"href":"https:\/\/mutfakdolabi.com\/fr\/wp-json\/wp\/v2\/types\/product"}],"replies":[{"embeddable":true,"href":"https:\/\/mutfakdolabi.com\/fr\/wp-json\/wp\/v2\/comments?post=20182"}],"version-history":[{"count":1,"href":"https:\/\/mutfakdolabi.com\/fr\/wp-json\/wp\/v2\/product\/20182\/revisions"}],"predecessor-version":[{"id":20187,"href":"https:\/\/mutfakdolabi.com\/fr\/wp-json\/wp\/v2\/product\/20182\/revisions\/20187"}],"wp:featuredmedia":[{"embeddable":true,"href":"https:\/\/mutfakdolabi.com\/fr\/wp-json\/wp\/v2\/media\/20183"}],"wp:attachment":[{"href":"https:\/\/mutfakdolabi.com\/fr\/wp-json\/wp\/v2\/media?parent=20182"}],"wp:term":[{"taxonomy":"product_cat","embeddable":true,"href":"https:\/\/mutfakdolabi.com\/fr\/wp-json\/wp\/v2\/product_cat?post=20182"},{"taxonomy":"product_tag","embeddable":true,"href":"https:\/\/mutfakdolabi.com\/fr\/wp-json\/wp\/v2\/product_tag?post=20182"}],"curies":[{"name":"wp","href":"https:\/\/api.w.org\/{rel}","templated":true}]}}